{"id":8404,"date":"2025-02-28T20:06:48","date_gmt":"2025-02-28T19:06:48","guid":{"rendered":"https:\/\/www.dwv-kongress.de\/?page_id=8404"},"modified":"2025-10-08T13:27:01","modified_gmt":"2025-10-08T11:27:01","slug":"3rd-wine-graduates-forum","status":"publish","type":"page","link":"https:\/\/www.dwv-kongress.de\/en\/3rd-wine-graduates-forum\/","title":{"rendered":"3rd Wine Graduates' Forum"},"content":{"rendered":"\t\t<div data-elementor-type=\"wp-page\" data-elementor-id=\"8404\" class=\"elementor elementor-8404\" data-elementor-post-type=\"page\">\n\t\t\t\t\t\t<section class=\"elementor-section elementor-top-section elementor-element elementor-element-4f328dc elementor-section-boxed elementor-section-height-default elementor-section-height-default\" data-id=\"4f328dc\" data-element_type=\"section\" data-e-type=\"section\">\n\t\t\t\t\t\t<div class=\"elementor-container elementor-column-gap-default\">\n\t\t\t\t\t<div class=\"elementor-column elementor-col-100 elementor-top-column elementor-element elementor-element-3878e38\" data-id=\"3878e38\" data-element_type=\"column\" data-e-type=\"column\">\n\t\t\t<div class=\"elementor-widget-wrap elementor-element-populated\">\n\t\t\t\t\t\t<section class=\"elementor-section elementor-inner-section elementor-element elementor-element-25a6c68 elementor-section-boxed elementor-section-height-default elementor-section-height-default\" data-id=\"25a6c68\" data-element_type=\"section\" data-e-type=\"section\">\n\t\t\t\t\t\t<div class=\"elementor-container elementor-column-gap-default\">\n\t\t\t\t\t<div class=\"elementor-column elementor-col-33 elementor-inner-column elementor-element elementor-element-23d221d\" data-id=\"23d221d\" data-element_type=\"column\" data-e-type=\"column\">\n\t\t\t<div class=\"elementor-widget-wrap elementor-element-populated\">\n\t\t\t\t\t\t<div class=\"elementor-element elementor-element-e20a0ec elementor-toc--minimized-on-tablet elementor-widget elementor-widget-table-of-contents\" data-id=\"e20a0ec\" data-element_type=\"widget\" data-e-type=\"widget\" data-settings=\"{&quot;exclude_headings_by_selector&quot;:[],&quot;no_headings_message&quot;:&quot;No headings were found on this page.&quot;,&quot;headings_by_tags&quot;:[&quot;h2&quot;,&quot;h3&quot;],&quot;marker_view&quot;:&quot;numbers&quot;,&quot;minimize_box&quot;:&quot;yes&quot;,&quot;minimized_on&quot;:&quot;tablet&quot;,&quot;hierarchical_view&quot;:&quot;yes&quot;,&quot;min_height&quot;:{&quot;unit&quot;:&quot;px&quot;,&quot;size&quot;:&quot;&quot;,&quot;sizes&quot;:[]},&quot;min_height_tablet&quot;:{&quot;unit&quot;:&quot;px&quot;,&quot;size&quot;:&quot;&quot;,&quot;sizes&quot;:[]},&quot;min_height_mobile&quot;:{&quot;unit&quot;:&quot;px&quot;,&quot;size&quot;:&quot;&quot;,&quot;sizes&quot;:[]}}\" data-widget_type=\"table-of-contents.default\">\n\t\t\t\t<div class=\"elementor-widget-container\">\n\t\t\t\t\t\t\t\t\t<div class=\"elementor-toc__header\">\n\t\t\t\t\t\t<h4 class=\"elementor-toc__header-title\">\n\t\t\t\tTable of Contents\t\t\t<\/h4>\n\t\t\t\t\t\t\t\t\t\t<div class=\"elementor-toc__toggle-button elementor-toc__toggle-button--expand\" role=\"button\" tabindex=\"0\" aria-controls=\"elementor-toc__e20a0ec\" aria-expanded=\"true\" aria-label=\"Open table of contents\"><i aria-hidden=\"true\" class=\"fas fa-chevron-down\"><\/i><\/div>\n\t\t\t\t<div class=\"elementor-toc__toggle-button elementor-toc__toggle-button--collapse\" role=\"button\" tabindex=\"0\" aria-controls=\"elementor-toc__e20a0ec\" aria-expanded=\"true\" aria-label=\"Close table of contents\"><i aria-hidden=\"true\" class=\"fas fa-chevron-up\"><\/i><\/div>\n\t\t\t\t\t<\/div>\n\t\t\t\t<div id=\"elementor-toc__e20a0ec\" class=\"elementor-toc__body\">\n\t\t\t<div class=\"elementor-toc__spinner-container\">\n\t\t\t\t<i class=\"elementor-toc__spinner eicon-animation-spin eicon-loading\" aria-hidden=\"true\"><\/i>\t\t\t<\/div>\n\t\t<\/div>\n\t\t\t\t\t\t<\/div>\n\t\t\t\t<\/div>\n\t\t\t\t\t<\/div>\n\t\t<\/div>\n\t\t\t\t<div class=\"elementor-column elementor-col-66 elementor-inner-column elementor-element elementor-element-f4e3353\" data-id=\"f4e3353\" data-element_type=\"column\" data-e-type=\"column\">\n\t\t\t<div class=\"elementor-widget-wrap elementor-element-populated\">\n\t\t\t\t\t\t<div class=\"elementor-element elementor-element-5d8460a elementor-widget elementor-widget-image\" data-id=\"5d8460a\" data-element_type=\"widget\" data-e-type=\"widget\" data-widget_type=\"image.default\">\n\t\t\t\t<div class=\"elementor-widget-container\">\n\t\t\t\t\t\t\t\t\t\t\t\t<figure class=\"wp-caption\">\n\t\t\t\t\t\t\t\t\t\t<img fetchpriority=\"high\" decoding=\"async\" width=\"1620\" height=\"1080\" src=\"https:\/\/www.dwv-kongress.de\/wp-content\/uploads\/2019\/09\/Keller_2.jpg\" class=\"attachment-full size-full wp-image-1091\" alt=\"\" srcset=\"https:\/\/www.dwv-kongress.de\/wp-content\/uploads\/2019\/09\/Keller_2.jpg 1620w, https:\/\/www.dwv-kongress.de\/wp-content\/uploads\/2019\/09\/Keller_2-300x200.jpg 300w, https:\/\/www.dwv-kongress.de\/wp-content\/uploads\/2019\/09\/Keller_2-768x512.jpg 768w, https:\/\/www.dwv-kongress.de\/wp-content\/uploads\/2019\/09\/Keller_2-1024x683.jpg 1024w\" sizes=\"(max-width: 1620px) 100vw, 1620px\" \/>\t\t\t\t\t\t\t\t\t\t\t<figcaption class=\"widget-image-caption wp-caption-text\">Quelle: DWI<\/figcaption>\n\t\t\t\t\t\t\t\t\t\t<\/figure>\n\t\t\t\t\t\t\t\t\t<\/div>\n\t\t\t\t<\/div>\n\t\t\t\t\t<\/div>\n\t\t<\/div>\n\t\t\t\t\t<\/div>\n\t\t<\/section>\n\t\t\t\t<section class=\"elementor-section elementor-inner-section elementor-element elementor-element-e78337c elementor-section-boxed elementor-section-height-default elementor-section-height-default\" data-id=\"e78337c\" data-element_type=\"section\" data-e-type=\"section\">\n\t\t\t\t\t\t<div class=\"elementor-container elementor-column-gap-default\">\n\t\t\t\t\t<div class=\"elementor-column elementor-col-33 elementor-inner-column elementor-element elementor-element-83f5f4d\" data-id=\"83f5f4d\" data-element_type=\"column\" data-e-type=\"column\">\n\t\t\t<div class=\"elementor-widget-wrap elementor-element-populated\">\n\t\t\t\t\t\t<div class=\"elementor-element elementor-element-1e7c52d elementor-view-stacked elementor-shape-circle elementor-position-block-start elementor-mobile-position-block-start elementor-widget elementor-widget-icon-box\" data-id=\"1e7c52d\" data-element_type=\"widget\" data-e-type=\"widget\" data-widget_type=\"icon-box.default\">\n\t\t\t\t<div class=\"elementor-widget-container\">\n\t\t\t\t\t\t\t<div class=\"elementor-icon-box-wrapper\">\n\n\t\t\t\t\t\t<div class=\"elementor-icon-box-icon\">\n\t\t\t\t<span  class=\"elementor-icon\">\n\t\t\t\t<i aria-hidden=\"true\" class=\"far fa-hand-peace\"><\/i>\t\t\t\t<\/span>\n\t\t\t<\/div>\n\t\t\t\n\t\t\t\t\t\t<div class=\"elementor-icon-box-content\">\n\n\t\t\t\t\t\t\t\t\t<h4 class=\"elementor-icon-box-title\">\n\t\t\t\t\t\t<span  >\n\t\t\t\t\t\t\tfor young professionals\t\t\t\t\t\t<\/span>\n\t\t\t\t\t<\/h4>\n\t\t\t\t\n\t\t\t\t\t\t\t\t\t<p class=\"elementor-icon-box-description\">\n\t\t\t\t\t\tfor ba\/ma\/phd students and postdocs as well as graduates of the Gesellen- and Meisterpr\u00fcfung\n\t\t\t\t\t<\/p>\n\t\t\t\t\n\t\t\t<\/div>\n\t\t\t\n\t\t<\/div>\n\t\t\t\t\t\t<\/div>\n\t\t\t\t<\/div>\n\t\t\t\t\t<\/div>\n\t\t<\/div>\n\t\t\t\t<div class=\"elementor-column elementor-col-33 elementor-inner-column elementor-element elementor-element-1c8d374\" data-id=\"1c8d374\" data-element_type=\"column\" data-e-type=\"column\">\n\t\t\t<div class=\"elementor-widget-wrap elementor-element-populated\">\n\t\t\t\t\t\t<div class=\"elementor-element elementor-element-02f4009 elementor-view-stacked elementor-shape-circle elementor-position-block-start elementor-mobile-position-block-start elementor-widget elementor-widget-icon-box\" data-id=\"02f4009\" data-element_type=\"widget\" data-e-type=\"widget\" data-widget_type=\"icon-box.default\">\n\t\t\t\t<div class=\"elementor-widget-container\">\n\t\t\t\t\t\t\t<div class=\"elementor-icon-box-wrapper\">\n\n\t\t\t\t\t\t<div class=\"elementor-icon-box-icon\">\n\t\t\t\t<span  class=\"elementor-icon\">\n\t\t\t\t<i aria-hidden=\"true\" class=\"fas fa-stopwatch\"><\/i>\t\t\t\t<\/span>\n\t\t\t<\/div>\n\t\t\t\n\t\t\t\t\t\t<div class=\"elementor-icon-box-content\">\n\n\t\t\t\t\t\t\t\t\t<h4 class=\"elementor-icon-box-title\">\n\t\t\t\t\t\t<span  >\n\t\t\t\t\t\t\tshort flash-presentations\t\t\t\t\t\t<\/span>\n\t\t\t\t\t<\/h4>\n\t\t\t\t\n\t\t\t\t\t\t\t\t\t<p class=\"elementor-icon-box-description\">\n\t\t\t\t\t\ttake the stage and impress the audience in 3 minutes!\t\t\t\t\t<\/p>\n\t\t\t\t\n\t\t\t<\/div>\n\t\t\t\n\t\t<\/div>\n\t\t\t\t\t\t<\/div>\n\t\t\t\t<\/div>\n\t\t\t\t\t<\/div>\n\t\t<\/div>\n\t\t\t\t<div class=\"elementor-column elementor-col-33 elementor-inner-column elementor-element elementor-element-75710c6\" data-id=\"75710c6\" data-element_type=\"column\" data-e-type=\"column\">\n\t\t\t<div class=\"elementor-widget-wrap elementor-element-populated\">\n\t\t\t\t\t\t<div class=\"elementor-element elementor-element-0fff4b7 elementor-view-stacked elementor-shape-circle elementor-position-block-start elementor-mobile-position-block-start elementor-widget elementor-widget-icon-box\" data-id=\"0fff4b7\" data-element_type=\"widget\" data-e-type=\"widget\" data-widget_type=\"icon-box.default\">\n\t\t\t\t<div class=\"elementor-widget-container\">\n\t\t\t\t\t\t\t<div class=\"elementor-icon-box-wrapper\">\n\n\t\t\t\t\t\t<div class=\"elementor-icon-box-icon\">\n\t\t\t\t<span  class=\"elementor-icon\">\n\t\t\t\t<i aria-hidden=\"true\" class=\"fas fa-trophy\"><\/i>\t\t\t\t<\/span>\n\t\t\t<\/div>\n\t\t\t\n\t\t\t\t\t\t<div class=\"elementor-icon-box-content\">\n\n\t\t\t\t\t\t\t\t\t<h4 class=\"elementor-icon-box-title\">\n\t\t\t\t\t\t<span  >\n\t\t\t\t\t\t\taudience votes the winners\t\t\t\t\t\t<\/span>\n\t\t\t\t\t<\/h4>\n\t\t\t\t\n\t\t\t\t\t\t\t\t\t<p class=\"elementor-icon-box-description\">\n\t\t\t\t\t\twin 250 \u20ac prize &amp; the opportunity to publish your results\t\t\t\t\t<\/p>\n\t\t\t\t\n\t\t\t<\/div>\n\t\t\t\n\t\t<\/div>\n\t\t\t\t\t\t<\/div>\n\t\t\t\t<\/div>\n\t\t\t\t\t<\/div>\n\t\t<\/div>\n\t\t\t\t\t<\/div>\n\t\t<\/section>\n\t\t\t\t<div class=\"elementor-element elementor-element-e060527 elementor-widget elementor-widget-text-editor\" data-id=\"e060527\" data-element_type=\"widget\" data-e-type=\"widget\" data-widget_type=\"text-editor.default\">\n\t\t\t\t<div class=\"elementor-widget-container\">\n\t\t\t\t\t\t\t\t\t<h4 class=\"cvGsUA direction-ltr align-start para-style-body\" style=\"text-align: center;\"><span style=\"color: #ff0000;\"><strong><span class=\"OYPEnA font-feature-liga-off font-feature-clig-off font-feature-calt-off text-decoration-none text-strikethrough-none\">+++ submission deadline <\/span><span class=\"OYPEnA font-feature-liga-off font-feature-clig-off font-feature-calt-off text-decoration-none text-strikethrough-none\">has ended +++ programme published ++++<\/span><\/strong><\/span><\/h4><p>On behalf of the German Winegrowers&#8216; Association (DWV) it is our pleasure to announce the <strong>3<sup>rd<\/sup> Wine Graduates\u2019 Forum, which will be held on 3<sup>rd<\/sup> December 2025 in Mainz.<\/strong><\/p><p>The Wine Graduates\u2019 Forum is a satellite meeting of the 65<sup>th<\/sup> International DWV-Congress. The objective of the Wine Graduates\u2019 Forum is to promote innovation and developmental activities among students, researchers, and practitioners in the wine industry. A new feature is that those who have completed the Gesellen- or Meisterpr\u00fcfung in one of the areas of viticulture could also apply this year!<\/p><p><strong>These young professionals and scientists present their project results in flash presentations and the audience of the congress will vote live for the best presentations in the 3 thematic clusters. The winners will be honoured with prize money of 250 \u20ac, sponsored by the DWV.<\/strong> The event will culminate in a social mixer allowing to network and exchange information with colleagues, peers and wine professionals.<\/p><h2>The Programme<\/h2><p>Young wine professionals were invited to apply to be speakers via a call for abstracts.<strong> The scientific committee has now selected the best presentations and hereby presents the programme for the 3rd Wine Graduates&#8216; Forum 2025 and its <\/strong>three sessions:<\/p><ul><li><strong>Viticulture: Climate Change, Sustainability, New Technologies, Biodiversity, Grapevine Breeding<\/strong><ul><li>Luc\u00eda Garstka: <em>Agri-PV in viticulture: adaptation and mitigation strategies to climate change<\/em><\/li><li>Tom\u00e1s Ortiz Pardo: <em>From water scarcity to efficiency: challenges and opportunities in irrigation management<\/em><\/li><li>Juliane Sch\u00e4fer: <em>Towards a Sustainable Pest Management in German Viticulture: A balanced and holistic approach to Ecology, Economy and Society with Consideration of Stakeholder Perspectives<\/em><\/li><li>Mathilde Ponchon: <em>Can native pupal parasitoids enhance the biological control of Drosophila suzukii (Diptera: Drosophilidae) in vineyards using an area-wide pest management approach?<\/em><\/li><li>Marco Bignardi: <em>Assessment of Vine\u2019s Annual Carbon Stocks by Means of 3D Reconstruction<\/em><\/li><li>Bj\u00f6rn Poss: <em>Developing an ISO11783-compliant prescription map for variable rate spraying in vineyards based on 3D canopy reconstruction<\/em><\/li><li>Tetiana Pavlenko: <em>Innovation and democratisation towards increasing adoption of digital technologies in agriculture<\/em><\/li><\/ul><\/li><li><strong>Oenology: Innovations in Grape Processing, Microbiology, and Winemaking; Analytics, Sensory, Data Processing Methods<\/strong><ul><li>Julian D\u00f6bler: <em>Impact of Fermentation Redox Management on Polyfunctional Thiols in Model Wine<\/em><\/li><li>Lorenzo Italiano: <em>Innovative Membrane Processes for Sustainable Wine Dealcoholization<\/em><\/li><li>Maria Maglione: <em>PIWI: Where Sustainability meets Wine Quality<\/em><\/li><li>Sara Zanella: <em>Commercial red wines under the lens: a snapshot of colloidal diversity<\/em><\/li><li>Lisa Kunz: <em>Oenological Measures to Improve Sensory Quality of Dealcoholised Wines<\/em><\/li><\/ul><\/li><li><strong>Strategic Marketing and Management<\/strong><ul><li>Laura Liebegut: <em>Project &#8222;Wine-Tourism-Cluster Neckar-Zaber&#8220;<\/em><\/li><li>Henrike Heinicke: <em>Evaluation of the motives and barriers of Austrian wine producers for \u201cSustainable Austria\u201d<\/em><\/li><li>Ervin Zeka: <em>Exploring Price Determinants of Natural Wines in Italy: The Role of Territorial Certification<\/em><\/li><li>Marit Lusti: <em>The Instagrammed Vineyard: Understanding Wine Influencer Marketing Through Consumer Insights and Industry Perspectives<\/em><\/li><li>Christoph Kiefer: <em>Leveraging Geomarketing to Optimise Wine Sales in Times of Market Disruption<\/em><\/li><li>Susan Bail: <em>Sustainable Wine Tourism as Practised by Winery and Industry Leaders<\/em><\/li><\/ul><\/li><\/ul>\t\t\t\t\t\t\t\t<\/div>\n\t\t\t\t<\/div>\n\t\t\t\t<div class=\"elementor-element elementor-element-bdb79b6 elementor-widget-divider--view-line elementor-widget elementor-widget-divider\" data-id=\"bdb79b6\" data-element_type=\"widget\" data-e-type=\"widget\" data-widget_type=\"divider.default\">\n\t\t\t\t<div class=\"elementor-widget-container\">\n\t\t\t\t\t\t\t<div class=\"elementor-divider\">\n\t\t\t<span class=\"elementor-divider-separator\">\n\t\t\t\t\t\t<\/span>\n\t\t<\/div>\n\t\t\t\t\t\t<\/div>\n\t\t\t\t<\/div>\n\t\t\t\t<div class=\"elementor-element elementor-element-b445872 elementor-widget elementor-widget-text-editor\" data-id=\"b445872\" data-element_type=\"widget\" data-e-type=\"widget\" data-widget_type=\"text-editor.default\">\n\t\t\t\t<div class=\"elementor-widget-container\">\n\t\t\t\t\t\t\t\t\t<h4 class=\"cvGsUA direction-ltr align-start para-style-body\" style=\"text-align: center;\"><span style=\"color: #ff0000;\"><strong><span class=\"OYPEnA font-feature-liga-off font-feature-clig-off font-feature-calt-off text-decoration-none text-strikethrough-none\">+++ submission deadline <\/span><span class=\"OYPEnA font-feature-liga-off font-feature-clig-off font-feature-calt-off text-decoration-none text-strikethrough-none\">has ended +++ programme published ++++<\/span><\/strong><\/span><\/h4><h3>CALL FOR ABSTRACTS<\/h3><h3>Why you should take part<\/h3><ol><li>The best presentation of each thematic cluster will be awarded with 250 \u20ac by the DWV.<\/li><li>You will have the unique opportunity to present your work to the who&#8217;s who of the national and international wine industry and make valuable contacts.<\/li><li>Winners will have the opportunity to publish their results in the DWV&#8217;s official journal (der deutsche weinbau \u2013 ddw).<\/li><li>Accepted presenters are financially supported by the DWV to attend all sessions of the 65<sup>th<\/sup> International DWV-Congress from 1<sup>st<\/sup> to 3<sup>rd<\/sup> December 2025 by covering the congress registration fee.<\/li><\/ol><p>The Committee welcomes submissions from Graduates of the Gesellen- and Meisterpr\u00fcfung, Bachelor and Master Students, PhD, PostDocs, and other young professionals who are conducting or who have conducted (less than two years ago) scientific work in course of graduation in wine science.<\/p><p>Please apply by using the \u201cAbstract Submission Form\u201d online (see below). The Abstract Submission Form guides you through the application process asking for your name, title, degree, etc. A questionnaire must be completed. By answering, please point out the importance of your work for a broad audience. The individual answers should not exceed 500 characters (incl. spaces).<\/p><ul><li>What is the objective of your research? <em>(<\/em><em>500 characters max.)<\/em><\/li><li>Which methods are applied? <em>(<\/em><em>500 characters max.)<\/em><\/li><li>How does your research contribute to wine science, wine industry or society? <em>(<\/em><em>500 characters max.)<\/em><\/li><\/ul><p>The submission <span style=\"color: #000000;\">deadline for Call for Abstracts is 6<sup>th<\/sup> July 2025<\/span>. <span style=\"color: #ff0000;\"><strong>Abstracts will be reviewed by the Committee and results of the decision will be communicated no later than 11<sup>th<\/sup> August 2025.<\/strong><\/span><\/p><h3>TLDR; About the 3<sup>rd<\/sup> Wine Graduates&#8216; Forum<\/h3><ul><li>3<sup>rd<\/sup> December 2025<\/li><li>8:30 a.m. to 10:30 a.m.<\/li><li>Kurf\u00fcrstliches Schloss, Mainz, Germany<\/li><li>The attendance fee is free, but registration is required (via <a href=\"http:\/\/www.dwv-kongress.de\">dwv-kongress.de<\/a>, Ticket sales are expected to start in July.)<\/li><li>Wine Graduates\u2019 Forum will be conducted in English!<\/li><li>3x 250 \u20ac Prize<\/li><\/ul>\t\t\t\t\t\t\t\t<\/div>\n\t\t\t\t<\/div>\n\t\t\t\t<div class=\"elementor-element elementor-element-7897d08 elementor-widget-divider--view-line elementor-widget elementor-widget-divider\" data-id=\"7897d08\" data-element_type=\"widget\" data-e-type=\"widget\" data-widget_type=\"divider.default\">\n\t\t\t\t<div class=\"elementor-widget-container\">\n\t\t\t\t\t\t\t<div class=\"elementor-divider\">\n\t\t\t<span class=\"elementor-divider-separator\">\n\t\t\t\t\t\t<\/span>\n\t\t<\/div>\n\t\t\t\t\t\t<\/div>\n\t\t\t\t<\/div>\n\t\t\t\t<div class=\"elementor-element elementor-element-c2c7d09 elementor-widget elementor-widget-text-editor\" data-id=\"c2c7d09\" data-element_type=\"widget\" data-e-type=\"widget\" data-widget_type=\"text-editor.default\">\n\t\t\t\t<div class=\"elementor-widget-container\">\n\t\t\t\t\t\t\t\t\t<h2>Commitee<\/h2><ul><li>Prof. Dr. Martina Boehm, Heilbronn<\/li><li>Prof. Dr. Jochen Bogs, Neustadt<\/li><li>Dipl.-Ing. Johannes Burkert, Veitsh\u00f6chheim<\/li><li>Prof. Dr. Dominik Durner, Neustadt<\/li><li>Prof. Dr. Laura Ehm, Neustadt<\/li><li>Prof. Dr. Christoph-Martin Geilfus, Geisenheim<\/li><li>Dr. Daniel He\u00dfd\u00f6rfer, Veitsh\u00f6chheim<\/li><li>Prof. Dr. Markus Pillmayer, M\u00fcnchen<\/li><li>Dr. Martin Pour Nikfardjam, Weinsberg<\/li><li>HR Mag. Ing. Franz G. Rosner, Klosterneuburg a. D., AT<\/li><li>Prof. Dr. Maren Scharfenberger-Schmeer, Neustadt<\/li><li>Dr. Matthias Schmitt, Geisenheim<\/li><li>Prof. Dr. Manfred Stoll, Geisenheim<\/li><li>Prof. Dr. Gergely Szolnoki, Geisenheim<\/li><li>Prof. Dr. Oliver Trapp, Siebeldingen<\/li><\/ul><h2>Questions? Contact us!<\/h2><p>Deutscher Weinbauverband e.V. (German Winegrowers\u2018 Association)<br \/>Mrs Johanna FRITZ<br \/>jfritz [ at ] dwv-online.de<br \/>Heussallee 26<br \/>53113 Bonn<br \/>Germany<\/p>\t\t\t\t\t\t\t\t<\/div>\n\t\t\t\t<\/div>\n\t\t\t\t<div class=\"elementor-element elementor-element-e065531 elementor-align-justify elementor-widget elementor-widget-button\" data-id=\"e065531\" data-element_type=\"widget\" data-e-type=\"widget\" data-widget_type=\"button.default\">\n\t\t\t\t<div class=\"elementor-widget-container\">\n\t\t\t\t\t\t\t\t\t<div class=\"elementor-button-wrapper\">\n\t\t\t\t\t<a class=\"elementor-button elementor-button-link elementor-size-sm\" href=\"https:\/\/www.dwv-kongress.de\/wp-content\/uploads\/2025\/06\/2025_3rd-Wine-Graduates-Forum_Call-for-Abstracts_2Seiter_Verlaengerung.pdf\" target=\"_blank\">\n\t\t\t\t\t\t<span class=\"elementor-button-content-wrapper\">\n\t\t\t\t\t\t\t\t\t<span class=\"elementor-button-text\">Download the Call for Abstracts here (PDF)<\/span>\n\t\t\t\t\t<\/span>\n\t\t\t\t\t<\/a>\n\t\t\t\t<\/div>\n\t\t\t\t\t\t\t\t<\/div>\n\t\t\t\t<\/div>\n\t\t\t\t\t<\/div>\n\t\t<\/div>\n\t\t\t\t\t<\/div>\n\t\t<\/section>\n\t\t\t\t<\/div>\n\t\t","protected":false},"excerpt":{"rendered":"<p>Table of Contents Quelle: DWI for young professionals for ba\/ma\/phd students and postdocs as well as graduates of the Gesellen- and Meisterpr\u00fcfung short flash-presentations take the stage and impress the audience in 3 minutes! audience votes the winners win 250 \u20ac prize &amp; the opportunity to publish your results +++ submission deadline has ended +++ [&hellip;]<\/p>\n","protected":false},"author":1,"featured_media":0,"parent":0,"menu_order":0,"comment_status":"closed","ping_status":"closed","template":"","meta":{"footnotes":""},"class_list":["post-8404","page","type-page","status-publish","hentry"],"_links":{"self":[{"href":"https:\/\/www.dwv-kongress.de\/en\/wp-json\/wp\/v2\/pages\/8404","targetHints":{"allow":["GET"]}}],"collection":[{"href":"https:\/\/www.dwv-kongress.de\/en\/wp-json\/wp\/v2\/pages"}],"about":[{"href":"https:\/\/www.dwv-kongress.de\/en\/wp-json\/wp\/v2\/types\/page"}],"author":[{"embeddable":true,"href":"https:\/\/www.dwv-kongress.de\/en\/wp-json\/wp\/v2\/users\/1"}],"replies":[{"embeddable":true,"href":"https:\/\/www.dwv-kongress.de\/en\/wp-json\/wp\/v2\/comments?post=8404"}],"version-history":[{"count":85,"href":"https:\/\/www.dwv-kongress.de\/en\/wp-json\/wp\/v2\/pages\/8404\/revisions"}],"predecessor-version":[{"id":8824,"href":"https:\/\/www.dwv-kongress.de\/en\/wp-json\/wp\/v2\/pages\/8404\/revisions\/8824"}],"wp:attachment":[{"href":"https:\/\/www.dwv-kongress.de\/en\/wp-json\/wp\/v2\/media?parent=8404"}],"curies":[{"name":"wp","href":"https:\/\/api.w.org\/{rel}","templated":true}]}}